{"id":10,"date":"2022-09-02T09:34:01","date_gmt":"2022-09-02T07:34:01","guid":{"rendered":"https:\/\/www.aalborgretshjaelp.dk\/?page_id=10"},"modified":"2025-12-14T21:48:20","modified_gmt":"2025-12-14T19:48:20","slug":"hjem","status":"publish","type":"page","link":"https:\/\/www.aalborgretshjaelp.dk\/","title":{"rendered":"De Jurastuderendes Retshj\u00e6lp"},"content":{"rendered":"\n<div class=\"wp-block-columns is-layout-flex wp-container-core-columns-is-layout-9d6595d7 wp-block-columns-is-layout-flex\">\n<div class=\"wp-block-column is-layout-flow wp-block-column-is-layout-flow\">\n<h2 class=\"wp-block-heading\">Hvem kan vi hj\u00e6lpe?<\/h2>\n\n\n\n<p>De Jurastuderendes Retshj\u00e6lp tilbyder gratis juridisk r\u00e5dgivning til privatpersoner inden for stort set alle sagsomr\u00e5der. Vi yder mundtlig juridisk r\u00e5dgivning til enhver borger, uanset hvor i landet du bor, uanset nationalitet, og uanset \u00f8konomiske forhold. Du vil dog skulle medbringe tolk, hvis du ikke taler dansk eller engelsk.<\/p>\n\n\n\n<p>Vi besvarer b\u00e5de konkrete og generelle sp\u00f8rgsm\u00e5l \u2013 jo mere konkret sp\u00f8rgsm\u00e5let er, jo mere konkret er svaret. Endvidere besvares s\u00e5vel store som sm\u00e5 sp\u00f8rgsm\u00e5l.<\/p>\n<\/div>\n\n\n\n<div class=\"wp-block-column is-layout-flow wp-block-column-is-layout-flow\">\n<h2 class=\"wp-block-heading\">Hvordan kan vi hj\u00e6lpe?<\/h2>\n\n\n\n<p>Vi yder mundtlig r\u00e5dgivning til private, der henvender sig enten ved fysisk fremm\u00f8de eller telefonisk. Der er tillige altid mulighed for at sende en mail med sp\u00f8rgsm\u00e5l eller bilag. Du kan blive henvist til personligt fremm\u00f8de, s\u00e5fremt dine sp\u00f8rgsm\u00e5l er af mere kompliceret karakter. Vi kan ikke skrive testamenter, breve eller andet for dig, men vi kan hj\u00e6lpe med, hvad der med fordel b\u00f8r omtales i et s\u00e5dant dokument. Vi kan heller ikke f\u00f8re sager for dig, men vi kan vurdere, om din sag er egnet til advokat, eller om du kan f\u00f8re sagen selv. Vores fornemmeste opgave er at vurdere, om du har en sag og henvise dig til den relevante myndighed eller r\u00e5dgiver.<\/p>\n<\/div>\n<\/div>\n\n\n\n<div class=\"wp-block-columns is-layout-flex wp-container-core-columns-is-layout-9d6595d7 wp-block-columns-is-layout-flex\">\n<div class=\"wp-block-column is-layout-flow wp-block-column-is-layout-flow\"><\/div>\n\n\n\n<div class=\"wp-block-column is-layout-flow wp-block-column-is-layout-flow\"><\/div>\n<\/div>\n\n\n\n<hr class=\"wp-block-separator alignfull has-alpha-channel-opacity\"\/>\n\n\n\n<div class=\"wp-block-columns is-layout-flex wp-container-core-columns-is-layout-9d6595d7 wp-block-columns-is-layout-flex\">\n<div class=\"wp-block-column is-layout-flow wp-block-column-is-layout-flow\">\n<h2 class=\"wp-block-heading\">Hvad kan vi hj\u00e6lpe med?<\/h2>\n\n\n\n<p>De Jurastuderendes Retshj\u00e6lp kan hj\u00e6lpe med n\u00e6sten alle sagsomr\u00e5der, herunder blandt andet r\u00e5dgivning om:<\/p>\n\n\n\n<ul class=\"wp-block-list\">\n<li>Familieret, arveret og samlivsforhold<\/li>\n\n\n\n<li>Fast ejendom<\/li>\n\n\n\n<li>Socialret<\/li>\n\n\n\n<li>Udl\u00e6ndingeret<\/li>\n\n\n\n<li>Forvaltningsret<\/li>\n\n\n\n<li>Lejeret<\/li>\n\n\n\n<li>Aftaleret og k\u00f8beret<\/li>\n\n\n\n<li>Ans\u00e6ttelsesret<\/li>\n\n\n\n<li>Erstatning og Forsikringssp\u00f8rgsm\u00e5l<\/li>\n\n\n\n<li>Sundhedsret<\/li>\n\n\n\n<li>Civilret og fogedret<\/li>\n\n\n\n<li>G\u00e6ldsforhold og g\u00e6ldssanering<\/li>\n<\/ul>\n\n\n\n<p>Der ydes udelukkende mundtlig juridisk r\u00e5dgivning om alle sp\u00f8rgsm\u00e5l, og vi kan s\u00e5ledes ikke m\u00f8de for dig i statsforvaltningen, retten og lignende.<\/p>\n\n\n\n<p>De Jurastuderendes Retshj\u00e6lp kan&nbsp;<strong>IKKE<\/strong>&nbsp;v\u00e6re behj\u00e6lpelig med skriftlig r\u00e5dgivning af nogen art.<\/p>\n<\/div>\n\n\n\n<div class=\"wp-block-column is-layout-flow wp-block-column-is-layout-flow\">\n<h2 class=\"wp-block-heading\">Find os her<\/h2>\n\n\n\n<p>\u00d8nskes personlig fremm\u00f8de og dialog med vores sagsbehandlere er der f\u00f8lgende muligheder:<\/p>\n\n\n\n<h4 class=\"wp-block-heading\">Retten i Aalborg,&nbsp;<\/h4>\n\n\n\n<h5 class=\"wp-block-heading\">Badehusvej 17, 9000 Aalborg<\/h5>\n\n\n\n<p>Tirsdage og torsdage i tidsrummet 15:00 &#8211; 18:00<\/p>\n\n\n\n<p><\/p>\n\n\n\n<hr class=\"wp-block-separator has-alpha-channel-opacity\"\/>\n\n\n\n<h5 class=\"wp-block-heading\">Telefonisk henvendelse<\/h5>\n\n\n\n<p>Tirsdage og torsdage i tidsrummet 15:00 &#8211; 18:00<\/p>\n\n\n\n<p>Tlf. 99 40 78 00<\/p>\n\n\n\n<hr class=\"wp-block-separator has-alpha-channel-opacity\"\/>\n\n\n\n<p>Vi tager ikke imod personligt fremm\u00f8de p\u00e5 Juraens Hus, Fibigerstr\u00e6de 4, 9220 Aalborg \u00d8st.<\/p>\n\n\n\n<p><strong>Bem\u00e6rk:<\/strong>&nbsp;Vi holder lukket i m\u00e5nederne december, januar, juni og juli, og p\u00e5 helligdage. <\/p>\n<\/div>\n<\/div>\n","protected":false},"excerpt":{"rendered":"<p>Hvem kan vi hj\u00e6lpe? De Jurastuderendes Retshj\u00e6lp tilbyder gratis juridisk r\u00e5dgivning til privatpersoner inden for stort set alle sagsomr\u00e5der. Vi yder mundtlig juridisk r\u00e5dgivning til enhver borger, uanset hvor i landet du bor, uanset nationalitet, og uanset \u00f8konomiske forhold. Du vil dog skulle medbringe tolk, hvis du ikke taler dansk eller engelsk. Vi besvarer b\u00e5de [&hellip;]<\/p>\n","protected":false},"author":1,"featured_media":0,"parent":0,"menu_order":0,"comment_status":"closed","ping_status":"closed","template":"templates\/template-full-width.php","meta":{"footnotes":""},"class_list":["post-10","page","type-page","status-publish","hentry"],"_links":{"self":[{"href":"https:\/\/www.aalborgretshjaelp.dk\/index.php?rest_route=\/wp\/v2\/pages\/10","targetHints":{"allow":["GET"]}}],"collection":[{"href":"https:\/\/www.aalborgretshjaelp.dk\/index.php?rest_route=\/wp\/v2\/pages"}],"about":[{"href":"https:\/\/www.aalborgretshjaelp.dk\/index.php?rest_route=\/wp\/v2\/types\/page"}],"author":[{"embeddable":true,"href":"https:\/\/www.aalborgretshjaelp.dk\/index.php?rest_route=\/wp\/v2\/users\/1"}],"replies":[{"embeddable":true,"href":"https:\/\/www.aalborgretshjaelp.dk\/index.php?rest_route=%2Fwp%2Fv2%2Fcomments&post=10"}],"version-history":[{"count":24,"href":"https:\/\/www.aalborgretshjaelp.dk\/index.php?rest_route=\/wp\/v2\/pages\/10\/revisions"}],"predecessor-version":[{"id":135,"href":"https:\/\/www.aalborgretshjaelp.dk\/index.php?rest_route=\/wp\/v2\/pages\/10\/revisions\/135"}],"wp:attachment":[{"href":"https:\/\/www.aalborgretshjaelp.dk\/index.php?rest_route=%2Fwp%2Fv2%2Fmedia&parent=10"}],"curies":[{"name":"wp","href":"https:\/\/api.w.org\/{rel}","templated":true}]}}