{"id":25,"date":"2022-09-02T09:00:04","date_gmt":"2022-09-02T07:00:04","guid":{"rendered":"https:\/\/www.aalborgretshjaelp.dk\/?page_id=25"},"modified":"2023-02-01T19:10:43","modified_gmt":"2023-02-01T17:10:43","slug":"kontakt","status":"publish","type":"page","link":"https:\/\/www.aalborgretshjaelp.dk\/?page_id=25","title":{"rendered":"Kontakt os"},"content":{"rendered":"\n<div class=\"wp-block-kadence-icon kt-svg-icons kt-svg-icons_b82f28-5b alignnone\" style=\"text-align:center\"><div class=\"kt-svg-style-default kt-svg-icon-wrap kt-svg-item-0\"><div style=\"display:inline-flex;justify-content:center;align-items:center;color:#444444\" class=\"kt-svg-icon kt-svg-icon-fe_smartphone\"><svg style=\"display:inline-block;vertical-align:middle\" viewBox=\"0 0 24 24\" height=\"50\" width=\"50\" fill=\"none\" stroke=\"currentColor\" xmlns=\"http:\/\/www.w3.org\/2000\/svg\" stroke-width=\"2\" stroke-linecap=\"round\" stroke-linejoin=\"round\" aria-hidden=\"true\"><rect x=\"5\" y=\"2\" width=\"14\" height=\"20\" rx=\"2\" ry=\"2\"><\/rect><line x1=\"12\" y1=\"18\" x2=\"12\" y2=\"18\"><\/line><\/svg><\/div><\/div><\/div>\n\n\n\n<p class=\"has-text-align-center\">De Jurastuderendes Retshj\u00e6lp kan kontaktes telefonisk<br><strong>tirsdag<\/strong>&nbsp;og&nbsp;<strong>torsdag<\/strong>&nbsp;mellem kl.&nbsp;<strong>15.00-18.00<\/strong>&nbsp;p\u00e5<br><strong>tlf. 99 40 78 00<\/strong>.<\/p>\n\n\n\n<hr class=\"wp-block-separator has-alpha-channel-opacity\"\/>\n\n\n\n<div class=\"wp-block-kadence-icon kt-svg-icons kt-svg-icons_a8237e-aa alignnone\" style=\"text-align:center\"><div class=\"kt-svg-style-default kt-svg-icon-wrap kt-svg-item-0\"><div style=\"display:inline-flex;justify-content:center;align-items:center;color:#444444\" class=\"kt-svg-icon kt-svg-icon-fe_mail\"><svg style=\"display:inline-block;vertical-align:middle\" viewBox=\"0 0 24 24\" height=\"50\" width=\"50\" fill=\"none\" stroke=\"currentColor\" xmlns=\"http:\/\/www.w3.org\/2000\/svg\" stroke-width=\"2\" stroke-linecap=\"round\" stroke-linejoin=\"round\" aria-hidden=\"true\"><path d=\"M4 4h16c1.1 0 2 .9 2 2v12c0 1.1-.9 2-2 2H4c-1.1 0-2-.9-2-2V6c0-1.1.9-2 2-2z\"><\/path><polyline points=\"22,6 12,13 2,6\"><\/polyline><\/svg><\/div><\/div><\/div>\n\n\n\n<p class=\"has-text-align-center\">Man kan ogs\u00e5 skrive direkte til <a href=\"mailto:kontakt@aalborgretshjaelp.dk\">kontakt@aalborgretshjaelp.dk<\/a><\/p>\n\n\n\n<div style=\"height:100px\" aria-hidden=\"true\" class=\"wp-block-spacer\"><\/div>\n\n\n\n<p class=\"has-text-align-center\">De Jurastuderendes Retshj\u00e6lp holder lukket mellem jul og nyt\u00e5r, samt i m\u00e5nederne januar, juni og juli, og p\u00e5 helligdage.<\/p>\n","protected":false},"excerpt":{"rendered":"<p>De Jurastuderendes Retshj\u00e6lp kan kontaktes telefonisktirsdag&nbsp;og&nbsp;torsdag&nbsp;mellem kl.&nbsp;15.00-18.00&nbsp;p\u00e5tlf. 99 40 78 00. Man kan ogs\u00e5 skrive direkte til kontakt@aalborgretshjaelp.dk De Jurastuderendes Retshj\u00e6lp holder lukket mellem jul og nyt\u00e5r, samt i m\u00e5nederne januar, juni og juli, og p\u00e5 helligdage.<\/p>\n","protected":false},"author":1,"featured_media":0,"parent":10,"menu_order":0,"comment_status":"closed","ping_status":"closed","template":"templates\/template-full-width.php","meta":{"footnotes":""},"class_list":["post-25","page","type-page","status-publish","hentry"],"_links":{"self":[{"href":"https:\/\/www.aalborgretshjaelp.dk\/index.php?rest_route=\/wp\/v2\/pages\/25","targetHints":{"allow":["GET"]}}],"collection":[{"href":"https:\/\/www.aalborgretshjaelp.dk\/index.php?rest_route=\/wp\/v2\/pages"}],"about":[{"href":"https:\/\/www.aalborgretshjaelp.dk\/index.php?rest_route=\/wp\/v2\/types\/page"}],"author":[{"embeddable":true,"href":"https:\/\/www.aalborgretshjaelp.dk\/index.php?rest_route=\/wp\/v2\/users\/1"}],"replies":[{"embeddable":true,"href":"https:\/\/www.aalborgretshjaelp.dk\/index.php?rest_route=%2Fwp%2Fv2%2Fcomments&post=25"}],"version-history":[{"count":11,"href":"https:\/\/www.aalborgretshjaelp.dk\/index.php?rest_route=\/wp\/v2\/pages\/25\/revisions"}],"predecessor-version":[{"id":92,"href":"https:\/\/www.aalborgretshjaelp.dk\/index.php?rest_route=\/wp\/v2\/pages\/25\/revisions\/92"}],"up":[{"embeddable":true,"href":"https:\/\/www.aalborgretshjaelp.dk\/index.php?rest_route=\/wp\/v2\/pages\/10"}],"wp:attachment":[{"href":"https:\/\/www.aalborgretshjaelp.dk\/index.php?rest_route=%2Fwp%2Fv2%2Fmedia&parent=25"}],"curies":[{"name":"wp","href":"https:\/\/api.w.org\/{rel}","templated":true}]}}