{"id":41,"date":"2022-09-02T10:11:19","date_gmt":"2022-09-02T08:11:19","guid":{"rendered":"https:\/\/www.aalborgretshjaelp.dk\/?page_id=41"},"modified":"2024-02-02T12:57:53","modified_gmt":"2024-02-02T10:57:53","slug":"mod-os","status":"publish","type":"page","link":"https:\/\/www.aalborgretshjaelp.dk\/?page_id=41","title":{"rendered":"Personlig fremm\u00f8de"},"content":{"rendered":"\n<p>\u00d8nskes personlig fremm\u00f8de og dialog med vores sagsbehandlere, tilbyder vi f\u00f8lgende muligheder i \u00e5bningsperioderne:<\/p>\n\n\n\n<div class=\"wp-block-columns is-layout-flex wp-container-core-columns-is-layout-9d6595d7 wp-block-columns-is-layout-flex\">\n<div class=\"wp-block-column is-layout-flow wp-block-column-is-layout-flow\">\n<h3 class=\"wp-block-heading\">Retten i Aalborg<\/h3>\n\n\n\n<h6 class=\"wp-block-heading\">Badehusvej 17, 9000 Aalborg<\/h6>\n\n\n\n<p>Tirsdage og torsdage i tidsrummet 15:00 til 18:00<\/p>\n\n\n<style id=\"kb-google-maps_dcfb2a-e6\">.kb-google-maps-container_dcfb2a-e6{height:400px;}<\/style>\n<div class=\"kb-google-maps-container kb-google-maps-container_dcfb2a-e6\" data-mapid=\"_dcfb2a-e6\"><iframe width=\"100%\" height=\"100%\" style=\"border:0\" loading=\"lazy\" src=\"https:\/\/www.google.com\/maps\/embed\/v1\/place?key=AIzaSyBAM2o7PiQqwk15LC1XRH2e_KJ-jUa7KYk&amp;zoom=13&amp;maptype=roadmap&amp;q=Retten%20i%20Aalborg\"><\/iframe><\/div>\n<\/div>\n<\/div>\n\n\n\n<h3 class=\"has-text-align-center wp-block-heading\">Bem\u00e6rk venligst:<\/h3>\n\n\n\n<p class=\"has-text-align-center\">Vi tager ikke imod personligt fremm\u00f8de p\u00e5 Juraens Hus, Fibigerstr\u00e6de 4, 9220 Aalborg \u00d8st.<\/p>\n\n\n\n<p class=\"has-text-align-center\">Vi holder lukket mellem jul og nyt\u00e5r, samt i m\u00e5nederne januar, juni og juli, og p\u00e5 helligdage. <\/p>\n\n\n\n<p class=\"has-text-align-center\">Medbring alle relevante papirer, s\u00e5 vi kan r\u00e5dgive dig allerede til f\u00f8rste m\u00f8de. Ved lejesager skal du altid medbringe din lejekontakt.<\/p>\n\n\n\n<p class=\"has-text-align-center\">Der er ikke mulighed for at booke en tid p\u00e5 forh\u00e5nd. De fremm\u00f8dte vil blive r\u00e5dgivet i den r\u00e6kkef\u00f8lge, hvor de er kommet.<\/p>\n\n\n\n<p class=\"has-text-align-center\">Forbered dig p\u00e5 ventetid. Vi vil gerne hj\u00e6lpe alle s\u00e5 godt, vi kan, og vi ved aldrig, hvor mange der m\u00f8der op.<\/p>\n\n\n\n<p class=\"has-text-align-center\">Har du ikke tid at vente, kan du eventuelt i stedet sende os en mail til&nbsp;<a>kontakt@aalborgretshjaelp.dk&nbsp;<\/a>.<\/p>\n\n\n\n<p class=\"has-text-align-center\">V\u00e6r opm\u00e6rksom p\u00e5, at der kan v\u00e6re ekstra travlt, hvis du ringer til os eller m\u00f8der op den f\u00f8rste time.<\/p>\n","protected":false},"excerpt":{"rendered":"<p>\u00d8nskes personlig fremm\u00f8de og dialog med vores sagsbehandlere, tilbyder vi f\u00f8lgende muligheder i \u00e5bningsperioderne: Retten i Aalborg Badehusvej 17, 9000 Aalborg Tirsdage og torsdage i tidsrummet 15:00 til 18:00 Bem\u00e6rk venligst: Vi tager ikke imod personligt fremm\u00f8de p\u00e5 Juraens Hus, Fibigerstr\u00e6de 4, 9220 Aalborg \u00d8st. Vi holder lukket mellem jul og nyt\u00e5r, samt i m\u00e5nederne [&hellip;]<\/p>\n","protected":false},"author":1,"featured_media":0,"parent":10,"menu_order":0,"comment_status":"closed","ping_status":"closed","template":"templates\/template-full-width.php","meta":{"footnotes":""},"class_list":["post-41","page","type-page","status-publish","hentry"],"_links":{"self":[{"href":"https:\/\/www.aalborgretshjaelp.dk\/index.php?rest_route=\/wp\/v2\/pages\/41","targetHints":{"allow":["GET"]}}],"collection":[{"href":"https:\/\/www.aalborgretshjaelp.dk\/index.php?rest_route=\/wp\/v2\/pages"}],"about":[{"href":"https:\/\/www.aalborgretshjaelp.dk\/index.php?rest_route=\/wp\/v2\/types\/page"}],"author":[{"embeddable":true,"href":"https:\/\/www.aalborgretshjaelp.dk\/index.php?rest_route=\/wp\/v2\/users\/1"}],"replies":[{"embeddable":true,"href":"https:\/\/www.aalborgretshjaelp.dk\/index.php?rest_route=%2Fwp%2Fv2%2Fcomments&post=41"}],"version-history":[{"count":6,"href":"https:\/\/www.aalborgretshjaelp.dk\/index.php?rest_route=\/wp\/v2\/pages\/41\/revisions"}],"predecessor-version":[{"id":104,"href":"https:\/\/www.aalborgretshjaelp.dk\/index.php?rest_route=\/wp\/v2\/pages\/41\/revisions\/104"}],"up":[{"embeddable":true,"href":"https:\/\/www.aalborgretshjaelp.dk\/index.php?rest_route=\/wp\/v2\/pages\/10"}],"wp:attachment":[{"href":"https:\/\/www.aalborgretshjaelp.dk\/index.php?rest_route=%2Fwp%2Fv2%2Fmedia&parent=41"}],"curies":[{"name":"wp","href":"https:\/\/api.w.org\/{rel}","templated":true}]}}